{"id":69290,"date":"2026-04-14T16:44:02","date_gmt":"2026-04-14T16:44:02","guid":{"rendered":"https:\/\/primaderm.cr\/?post_type=product&#038;p=69290"},"modified":"2026-04-14T16:48:34","modified_gmt":"2026-04-14T16:48:34","slug":"retinal-renewal-0-1-gf-peptide-serum","status":"publish","type":"product","link":"https:\/\/primaderm.cr\/en\/product\/retinal-renewal-0-1-gf-peptide-serum\/","title":{"rendered":"Retinal Renewal 0.1% GF &#038; Peptide Serum"},"content":{"rendered":"<p>Serum \u00fanico en el mercado que rejuvenece la piel al mejorar la flacidez, arrugas, manchas y textura irregular. Formulado con los tres activos m\u00e1s potentes: Retinal puro encapsulado para una mayor eficacia, el factor de crecimiento estimulador de col\u00e1geno Epitensive\u2122 y el p\u00e9ptido antioxidante NeoClair Pro\u2122. Juntos transforman tu piel para que est\u00e9 m\u00e1s tersa, el\u00e1stica y con mayor luminosidad. Incluye Escualane que aporta hidrataci\u00f3n y reduce el riesgo de irritaci\u00f3n. Eficaz tambi\u00e9n frente acn\u00e9 e imperfecciones.<\/p>\n<p>Recomendamos utilizar al menos 1 envase de la potencia actual Retinal Renewal 0,1% antes de pasar a Retinal Renewal 0,2%, con el doble de concentraci\u00f3n de Retinal Puro.<\/p>\n","protected":false},"excerpt":{"rendered":"<p>Serum \u00fanico en el mercado que rejuvenece la piel al mejorar la flacidez, arrugas, manchas y textura irregular. Formulado con&#8230; <a href=\"https:\/\/primaderm.cr\/en\/product\/retinal-renewal-0-1-gf-peptide-serum\/\" >Read more<\/a><\/p>\n","protected":false},"featured_media":69281,"comment_status":"open","ping_status":"closed","template":"","meta":{"_acf_changed":false},"product_brand":[],"product_cat":[107,222],"product_tag":[],"class_list":{"0":"post-69290","1":"product","2":"type-product","3":"status-publish","4":"has-post-thumbnail","6":"necesidad-wrinkles-and-expression-lines-en-2","7":"necesidad-wrinkles-and-expression-lines","8":"Gamas-retinal-renewal-en","9":"tratamiento-facial-en","10":"product_cat-night-treatment","11":"product_cat-serums-en","13":"first","14":"instock","15":"shipping-taxable","16":"purchasable","17":"product-type-simple"},"acf":[],"_links":{"self":[{"href":"https:\/\/primaderm.cr\/en\/wp-json\/wp\/v2\/product\/69290","targetHints":{"allow":["GET"]}}],"collection":[{"href":"https:\/\/primaderm.cr\/en\/wp-json\/wp\/v2\/product"}],"about":[{"href":"https:\/\/primaderm.cr\/en\/wp-json\/wp\/v2\/types\/product"}],"replies":[{"embeddable":true,"href":"https:\/\/primaderm.cr\/en\/wp-json\/wp\/v2\/comments?post=69290"}],"wp:featuredmedia":[{"embeddable":true,"href":"https:\/\/primaderm.cr\/en\/wp-json\/wp\/v2\/media\/69281"}],"wp:attachment":[{"href":"https:\/\/primaderm.cr\/en\/wp-json\/wp\/v2\/media?parent=69290"}],"wp:term":[{"taxonomy":"product_brand","embeddable":true,"href":"https:\/\/primaderm.cr\/en\/wp-json\/wp\/v2\/product_brand?post=69290"},{"taxonomy":"product_cat","embeddable":true,"href":"https:\/\/primaderm.cr\/en\/wp-json\/wp\/v2\/product_cat?post=69290"},{"taxonomy":"product_tag","embeddable":true,"href":"https:\/\/primaderm.cr\/en\/wp-json\/wp\/v2\/product_tag?post=69290"}],"curies":[{"name":"wp","href":"https:\/\/api.w.org\/{rel}","templated":true}]}}